{"id":25,"date":"2025-06-19T20:53:58","date_gmt":"2025-06-19T20:53:58","guid":{"rendered":"https:\/\/dev.guidionemachava.com\/?page_id=25"},"modified":"2025-06-21T08:49:03","modified_gmt":"2025-06-21T08:49:03","slug":"home","status":"publish","type":"page","link":"https:\/\/ambassademozambiquefrance.fr\/fr\/","title":{"rendered":"Accueil"},"content":{"rendered":"","protected":false},"excerpt":{"rendered":"","protected":false},"author":1,"featured_media":0,"parent":0,"menu_order":0,"comment_status":"closed","ping_status":"closed","template":"","meta":{"_acf_changed":false,"footnotes":""},"class_list":["post-25","page","type-page","status-publish","hentry"],"acf":[],"yoast_head":"<!-- This site is optimized with the Yoast SEO plugin v27.2 - https:\/\/yoast.com\/product\/yoast-seo-wordpress\/ -->\n<title>Embaixada de Mo\u00e7ambique na Fran\u00e7a<\/title>\n<meta name=\"description\" content=\"Official website of the Embassy of the Republic of Mozambique in France, Paris. Discover visa and consular services, trade and investment opportunities, tourist attractions, current news, and cultural ties with UNESCO.\" \/>\n<meta name=\"robots\" content=\"index, follow, max-snippet:-1, max-image-preview:large, max-video-preview:-1\" \/>\n<link rel=\"canonical\" href=\"https:\/\/ambassademozambiquefrance.fr\/fr\/\" \/>\n<meta property=\"og:locale\" content=\"fr_FR\" \/>\n<meta property=\"og:type\" content=\"article\" \/>\n<meta property=\"og:title\" content=\"Embaixada de Mo\u00e7ambique na Fran\u00e7a\" \/>\n<meta property=\"og:description\" content=\"Official website of the Embassy of the Republic of Mozambique in France, Paris. Discover visa and consular services, trade and investment opportunities, tourist attractions, current news, and cultural ties with UNESCO.\" \/>\n<meta property=\"og:url\" content=\"https:\/\/ambassademozambiquefrance.fr\/fr\/\" \/>\n<meta property=\"og:site_name\" content=\"Embaixada de Mo\u00e7ambique na Fran\u00e7a\" \/>\n<meta property=\"article:modified_time\" content=\"2025-06-21T08:49:03+00:00\" \/>\n<meta name=\"twitter:card\" content=\"summary_large_image\" \/>\n<meta name=\"twitter:label1\" content=\"Dur\u00e9e de lecture estim\u00e9e\" \/>\n\t<meta name=\"twitter:data1\" content=\"3 minutes\" \/>\n<script type=\"application\/ld+json\" class=\"yoast-schema-graph\">{\"@context\":\"https:\/\/schema.org\",\"@graph\":[{\"@type\":\"WebPage\",\"@id\":\"https:\/\/ambassademozambiquefrance.fr\/\",\"url\":\"https:\/\/ambassademozambiquefrance.fr\/\",\"name\":\"Embaixada de Mo\u00e7ambique na Fran\u00e7a\",\"isPartOf\":{\"@id\":\"https:\/\/ambassademozambiquefrance.fr\/#website\"},\"datePublished\":\"2025-06-19T20:53:58+00:00\",\"dateModified\":\"2025-06-21T08:49:03+00:00\",\"description\":\"Official website of the Embassy of the Republic of Mozambique in France, Paris. Discover visa and consular services, trade and investment opportunities, tourist attractions, current news, and cultural ties with UNESCO.\",\"breadcrumb\":{\"@id\":\"https:\/\/ambassademozambiquefrance.fr\/#breadcrumb\"},\"inLanguage\":\"fr-FR\",\"potentialAction\":[{\"@type\":\"ReadAction\",\"target\":[\"https:\/\/ambassademozambiquefrance.fr\/\"]}]},{\"@type\":\"BreadcrumbList\",\"@id\":\"https:\/\/ambassademozambiquefrance.fr\/#breadcrumb\",\"itemListElement\":[{\"@type\":\"ListItem\",\"position\":1,\"name\":\"Home\",\"item\":\"https:\/\/ambassademozambiquefrance.fr\/\"},{\"@type\":\"ListItem\",\"position\":2,\"name\":\"Home\"}]},{\"@type\":\"WebSite\",\"@id\":\"https:\/\/ambassademozambiquefrance.fr\/#website\",\"url\":\"https:\/\/ambassademozambiquefrance.fr\/\",\"name\":\"Embaixada de Mo\u00e7ambique na Fran\u00e7a\",\"description\":\"Embaixada de Mo\u00e7ambique na Fran\u00e7a\",\"publisher\":{\"@id\":\"https:\/\/ambassademozambiquefrance.fr\/#organization\"},\"potentialAction\":[{\"@type\":\"SearchAction\",\"target\":{\"@type\":\"EntryPoint\",\"urlTemplate\":\"https:\/\/ambassademozambiquefrance.fr\/?s={search_term_string}\"},\"query-input\":{\"@type\":\"PropertyValueSpecification\",\"valueRequired\":true,\"valueName\":\"search_term_string\"}}],\"inLanguage\":\"fr-FR\"},{\"@type\":\"Organization\",\"@id\":\"https:\/\/ambassademozambiquefrance.fr\/#organization\",\"name\":\"Embaixada de Mo\u00e7ambique na Fran\u00e7a\",\"url\":\"https:\/\/ambassademozambiquefrance.fr\/\",\"logo\":{\"@type\":\"ImageObject\",\"inLanguage\":\"fr-FR\",\"@id\":\"https:\/\/ambassademozambiquefrance.fr\/#\/schema\/logo\/image\/\",\"url\":\"https:\/\/ambassademozambiquefrance.fr\/wp-content\/uploads\/2025\/06\/embassy_logo-1.png\",\"contentUrl\":\"https:\/\/ambassademozambiquefrance.fr\/wp-content\/uploads\/2025\/06\/embassy_logo-1.png\",\"width\":188,\"height\":203,\"caption\":\"Embaixada de Mo\u00e7ambique na Fran\u00e7a\"},\"image\":{\"@id\":\"https:\/\/ambassademozambiquefrance.fr\/#\/schema\/logo\/image\/\"}}]}<\/script>\n<!-- \/ Yoast SEO plugin. -->","yoast_head_json":{"title":"Embaixada de Mo\u00e7ambique na Fran\u00e7a","description":"Official website of the Embassy of the Republic of Mozambique in France, Paris. Discover visa and consular services, trade and investment opportunities, tourist attractions, current news, and cultural ties with UNESCO.","robots":{"index":"index","follow":"follow","max-snippet":"max-snippet:-1","max-image-preview":"max-image-preview:large","max-video-preview":"max-video-preview:-1"},"canonical":"https:\/\/ambassademozambiquefrance.fr\/fr\/","og_locale":"fr_FR","og_type":"article","og_title":"Embaixada de Mo\u00e7ambique na Fran\u00e7a","og_description":"Official website of the Embassy of the Republic of Mozambique in France, Paris. Discover visa and consular services, trade and investment opportunities, tourist attractions, current news, and cultural ties with UNESCO.","og_url":"https:\/\/ambassademozambiquefrance.fr\/fr\/","og_site_name":"Embaixada de Mo\u00e7ambique na Fran\u00e7a","article_modified_time":"2025-06-21T08:49:03+00:00","twitter_card":"summary_large_image","twitter_misc":{"Dur\u00e9e de lecture estim\u00e9e":"3 minutes"},"schema":{"@context":"https:\/\/schema.org","@graph":[{"@type":"WebPage","@id":"https:\/\/ambassademozambiquefrance.fr\/","url":"https:\/\/ambassademozambiquefrance.fr\/","name":"Embaixada de Mo\u00e7ambique na Fran\u00e7a","isPartOf":{"@id":"https:\/\/ambassademozambiquefrance.fr\/#website"},"datePublished":"2025-06-19T20:53:58+00:00","dateModified":"2025-06-21T08:49:03+00:00","description":"Official website of the Embassy of the Republic of Mozambique in France, Paris. Discover visa and consular services, trade and investment opportunities, tourist attractions, current news, and cultural ties with UNESCO.","breadcrumb":{"@id":"https:\/\/ambassademozambiquefrance.fr\/#breadcrumb"},"inLanguage":"fr-FR","potentialAction":[{"@type":"ReadAction","target":["https:\/\/ambassademozambiquefrance.fr\/"]}]},{"@type":"BreadcrumbList","@id":"https:\/\/ambassademozambiquefrance.fr\/#breadcrumb","itemListElement":[{"@type":"ListItem","position":1,"name":"Home","item":"https:\/\/ambassademozambiquefrance.fr\/"},{"@type":"ListItem","position":2,"name":"Home"}]},{"@type":"WebSite","@id":"https:\/\/ambassademozambiquefrance.fr\/#website","url":"https:\/\/ambassademozambiquefrance.fr\/","name":"Embaixada de Mo\u00e7ambique na Fran\u00e7a","description":"Embaixada de Mo\u00e7ambique na Fran\u00e7a","publisher":{"@id":"https:\/\/ambassademozambiquefrance.fr\/#organization"},"potentialAction":[{"@type":"SearchAction","target":{"@type":"EntryPoint","urlTemplate":"https:\/\/ambassademozambiquefrance.fr\/?s={search_term_string}"},"query-input":{"@type":"PropertyValueSpecification","valueRequired":true,"valueName":"search_term_string"}}],"inLanguage":"fr-FR"},{"@type":"Organization","@id":"https:\/\/ambassademozambiquefrance.fr\/#organization","name":"Embaixada de Mo\u00e7ambique na Fran\u00e7a","url":"https:\/\/ambassademozambiquefrance.fr\/","logo":{"@type":"ImageObject","inLanguage":"fr-FR","@id":"https:\/\/ambassademozambiquefrance.fr\/#\/schema\/logo\/image\/","url":"https:\/\/ambassademozambiquefrance.fr\/wp-content\/uploads\/2025\/06\/embassy_logo-1.png","contentUrl":"https:\/\/ambassademozambiquefrance.fr\/wp-content\/uploads\/2025\/06\/embassy_logo-1.png","width":188,"height":203,"caption":"Embaixada de Mo\u00e7ambique na Fran\u00e7a"},"image":{"@id":"https:\/\/ambassademozambiquefrance.fr\/#\/schema\/logo\/image\/"}}]}},"_links":{"self":[{"href":"https:\/\/ambassademozambiquefrance.fr\/fr\/wp-json\/wp\/v2\/pages\/25","targetHints":{"allow":["GET"]}}],"collection":[{"href":"https:\/\/ambassademozambiquefrance.fr\/fr\/wp-json\/wp\/v2\/pages"}],"about":[{"href":"https:\/\/ambassademozambiquefrance.fr\/fr\/wp-json\/wp\/v2\/types\/page"}],"author":[{"embeddable":true,"href":"https:\/\/ambassademozambiquefrance.fr\/fr\/wp-json\/wp\/v2\/users\/1"}],"replies":[{"embeddable":true,"href":"https:\/\/ambassademozambiquefrance.fr\/fr\/wp-json\/wp\/v2\/comments?post=25"}],"version-history":[{"count":1,"href":"https:\/\/ambassademozambiquefrance.fr\/fr\/wp-json\/wp\/v2\/pages\/25\/revisions"}],"predecessor-version":[{"id":26,"href":"https:\/\/ambassademozambiquefrance.fr\/fr\/wp-json\/wp\/v2\/pages\/25\/revisions\/26"}],"wp:attachment":[{"href":"https:\/\/ambassademozambiquefrance.fr\/fr\/wp-json\/wp\/v2\/media?parent=25"}],"curies":[{"name":"wp","href":"https:\/\/api.w.org\/{rel}","templated":true}]}}